{"id":38,"date":"2018-10-30T19:48:21","date_gmt":"2018-10-30T17:48:21","guid":{"rendered":"http:\/\/www.cercleartisticmanresa.cat\/bloc\/?page_id=38"},"modified":"2025-09-18T13:59:03","modified_gmt":"2025-09-18T12:59:03","slug":"tallers","status":"publish","type":"page","link":"http:\/\/www.cercleartisticmanresa.cat\/bloc\/tallers\/","title":{"rendered":"Tallers"},"content":{"rendered":"<h3><img loading=\"lazy\" decoding=\"async\" class=\"aligncenter wp-image-67 size-large\" src=\"http:\/\/www.cercleartisticmanresa.cat\/bloc\/wp-content\/uploads\/2018\/10\/tallers-e1541151869666-1024x338.jpg\" alt=\"\" width=\"712\" height=\"235\" srcset=\"http:\/\/www.cercleartisticmanresa.cat\/bloc\/wp-content\/uploads\/2018\/10\/tallers-e1541151869666-1024x338.jpg 1024w, http:\/\/www.cercleartisticmanresa.cat\/bloc\/wp-content\/uploads\/2018\/10\/tallers-e1541151869666-300x99.jpg 300w, http:\/\/www.cercleartisticmanresa.cat\/bloc\/wp-content\/uploads\/2018\/10\/tallers-e1541151869666-768x253.jpg 768w, http:\/\/www.cercleartisticmanresa.cat\/bloc\/wp-content\/uploads\/2018\/10\/tallers-e1541151869666-1536x507.jpg 1536w, http:\/\/www.cercleartisticmanresa.cat\/bloc\/wp-content\/uploads\/2018\/10\/tallers-e1541151869666-1080x356.jpg 1080w, http:\/\/www.cercleartisticmanresa.cat\/bloc\/wp-content\/uploads\/2018\/10\/tallers-e1541151869666.jpg 1589w\" sizes=\"auto, (max-width: 712px) 100vw, 712px\" \/><\/h3>\n<h3><span style=\"color: #8f2424; font-size: 18pt;\"><strong>Cursos i Tallers 2025\/2026<\/strong><\/span><\/h3>\n<p><em>Lloc: Cercle Art\u00edstic. C\/Barreres 1 (baixos)<\/em><br \/><em>Tel\u00e8fon: 93 524 16 29<\/em><br \/><em>cercleartisticmanresa@gmail.com<\/em><\/p>\n<p><strong>Inscripcions: del 22 al 26 de setembre de 18 a 20 h (C. Barreres,1)<\/strong><\/p>\n<p><strong>Inici dels Tallers:<\/strong> <strong>\u00a0el 29 de setembre de 2025<\/strong><\/p>\n<p><span style=\"color: #808080;\"><em>Els tallers s\u00f3n condu\u00efts per artistes del Cercle. Cada alumne haur\u00e0 de portar material propi. El taller del model al natural \u00e9s d&#8217;autoaprenentage. <\/em><\/span><\/p>\n<hr \/>\n<p><span style=\"color: #8f2424;\"><strong>Taller d\u2019aquarel\u00b7la Nivell I<\/strong><\/span> <em><span style=\"color: #800000;\">per Joan Carri\u00f3<\/span><\/em> &#8211; dijous de <span style=\"font-size: 14pt; color: #808080;\">17.30 a 19.30 h<\/span><\/p>\n<hr \/>\n<p><span style=\"color: #8f2424;\"><strong>Taller d\u2019aquarel\u00b7la Nivell II<\/strong> <em>per Oriol Oliv\u00e9 i Yolanda Urango<\/em> <\/span>&#8211; dilluns de <span style=\"font-size: 14pt; color: #808080;\">18 a 20 h\u00a0<\/span><\/p>\n<p><img loading=\"lazy\" decoding=\"async\" class=\"alignnone size-full wp-image-500\" src=\"http:\/\/www.cercleartisticmanresa.cat\/bloc\/wp-content\/uploads\/2019\/09\/aquarel.la1_.jpg\" alt=\"\" width=\"4128\" height=\"2322\" srcset=\"http:\/\/www.cercleartisticmanresa.cat\/bloc\/wp-content\/uploads\/2019\/09\/aquarel.la1_.jpg 4128w, http:\/\/www.cercleartisticmanresa.cat\/bloc\/wp-content\/uploads\/2019\/09\/aquarel.la1_-300x169.jpg 300w, http:\/\/www.cercleartisticmanresa.cat\/bloc\/wp-content\/uploads\/2019\/09\/aquarel.la1_-768x432.jpg 768w, http:\/\/www.cercleartisticmanresa.cat\/bloc\/wp-content\/uploads\/2019\/09\/aquarel.la1_-1024x576.jpg 1024w, http:\/\/www.cercleartisticmanresa.cat\/bloc\/wp-content\/uploads\/2019\/09\/aquarel.la1_-680x382.jpg 680w, http:\/\/www.cercleartisticmanresa.cat\/bloc\/wp-content\/uploads\/2019\/09\/aquarel.la1_-1080x608.jpg 1080w\" sizes=\"auto, (max-width: 4128px) 100vw, 4128px\" \/><\/p>\n<hr \/>\n<p><span style=\"color: #8f2424;\"><strong>Taller de t\u00e8cniques mixtes <\/strong><\/span> <span style=\"color: #800000;\"><em>per Alba Comas<\/em><\/span> -dimarts de <span style=\"color: #808080; font-size: 14pt;\">17.30 a 19.30 h<\/span><\/p>\n<hr \/>\n<p><span style=\"color: #8f2424;\"><strong>Taller de dibuix i pintura<\/strong><\/span> <span style=\"color: #800000;\"><em>per Merc\u00e8 Garcia<\/em><\/span> &#8211; dimecres de <span style=\"color: #808080; font-size: 14pt;\">18.30 a 20.30 h<\/span><\/p>\n<hr \/>\n<p><span style=\"color: #8f2424;\"><strong>Sessions de model al natural<\/strong><\/span>\u00a0 (autoaprenentatge) &#8211; dijous de <span style=\"color: #808080; font-size: 14pt;\">19.45 a 21.30 h<\/span><\/p>\n<p><img loading=\"lazy\" decoding=\"async\" class=\"alignnone size-full wp-image-511\" src=\"http:\/\/www.cercleartisticmanresa.cat\/bloc\/wp-content\/uploads\/2019\/09\/20190606_210832-1.jpg\" alt=\"\" width=\"4128\" height=\"3096\" srcset=\"http:\/\/www.cercleartisticmanresa.cat\/bloc\/wp-content\/uploads\/2019\/09\/20190606_210832-1.jpg 4128w, http:\/\/www.cercleartisticmanresa.cat\/bloc\/wp-content\/uploads\/2019\/09\/20190606_210832-1-300x225.jpg 300w, http:\/\/www.cercleartisticmanresa.cat\/bloc\/wp-content\/uploads\/2019\/09\/20190606_210832-1-768x576.jpg 768w, http:\/\/www.cercleartisticmanresa.cat\/bloc\/wp-content\/uploads\/2019\/09\/20190606_210832-1-1024x768.jpg 1024w, http:\/\/www.cercleartisticmanresa.cat\/bloc\/wp-content\/uploads\/2019\/09\/20190606_210832-1-1080x810.jpg 1080w\" sizes=\"auto, (max-width: 4128px) 100vw, 4128px\" \/><\/p>\n<hr \/>\n<p><span style=\"color: #8f2424;\"><strong>Taller de vitralls<\/strong><\/span>\u00a0 <span style=\"color: #800000;\">per Carme Manubens<\/span>&#8211; divendres de <span style=\"color: #808080; font-size: 14pt;\">17 a 19 h<\/span><\/p>\n<hr \/>\n<p><strong>Preu per trimestre:<\/strong><\/p>\n<p><strong>Tallers:<\/strong> 60 euros pels no socis i 35 euros pels socis de l&#8217;entitat.<\/p>\n<p><strong>Model al natural:<\/strong> 90 euros pel no socis. 60 euros pels socis de l&#8217;entitat.<\/p>\n<p><strong>Inici dels Tallers:<\/strong> <strong>\u00a0el 29 de setembre de 2025<\/strong><\/p>\n<hr \/>\n\n","protected":false},"excerpt":{"rendered":"<p>Cursos i Tallers 2025\/2026 Lloc: Cercle Art\u00edstic. C\/Barreres 1 (baixos)Tel\u00e8fon: 93 524 16 29cercleartisticmanresa@gmail.com Inscripcions: del 22 al 26 de setembre de 18 a 20 h (C. Barreres,1) Inici dels Tallers: \u00a0el 29 de setembre de 2025 Els tallers s\u00f3n condu\u00efts per artistes del Cercle. Cada alumne haur\u00e0 de portar material propi. El taller del &hellip; <a href=\"http:\/\/www.cercleartisticmanresa.cat\/bloc\/tallers\/\" class=\"more-link\">Continue reading <span class=\"screen-reader-text\">Tallers<\/span><\/a><\/p>\n","protected":false},"author":1,"featured_media":0,"parent":0,"menu_order":0,"comment_status":"closed","ping_status":"closed","template":"","meta":{"footnotes":""},"class_list":["post-38","page","type-page","status-publish","hentry","no-featured-image"],"_links":{"self":[{"href":"http:\/\/www.cercleartisticmanresa.cat\/bloc\/wp-json\/wp\/v2\/pages\/38","targetHints":{"allow":["GET"]}}],"collection":[{"href":"http:\/\/www.cercleartisticmanresa.cat\/bloc\/wp-json\/wp\/v2\/pages"}],"about":[{"href":"http:\/\/www.cercleartisticmanresa.cat\/bloc\/wp-json\/wp\/v2\/types\/page"}],"author":[{"embeddable":true,"href":"http:\/\/www.cercleartisticmanresa.cat\/bloc\/wp-json\/wp\/v2\/users\/1"}],"replies":[{"embeddable":true,"href":"http:\/\/www.cercleartisticmanresa.cat\/bloc\/wp-json\/wp\/v2\/comments?post=38"}],"version-history":[{"count":41,"href":"http:\/\/www.cercleartisticmanresa.cat\/bloc\/wp-json\/wp\/v2\/pages\/38\/revisions"}],"predecessor-version":[{"id":16692,"href":"http:\/\/www.cercleartisticmanresa.cat\/bloc\/wp-json\/wp\/v2\/pages\/38\/revisions\/16692"}],"wp:attachment":[{"href":"http:\/\/www.cercleartisticmanresa.cat\/bloc\/wp-json\/wp\/v2\/media?parent=38"}],"curies":[{"name":"wp","href":"https:\/\/api.w.org\/{rel}","templated":true}]}}